
{"id":42,"date":"2024-01-31T08:57:39","date_gmt":"2024-01-31T08:57:39","guid":{"rendered":"http:\/\/10.10.10.150\/?page_id=42"},"modified":"2024-07-16T08:59:34","modified_gmt":"2024-07-16T08:59:34","slug":"zakladne-info","status":"publish","type":"page","link":"https:\/\/swiss-contribution.sk\/?page_id=42","title":{"rendered":"Z\u00e1kladn\u00e9 inform\u00e1cie"},"content":{"rendered":"","protected":false},"excerpt":{"rendered":"","protected":false},"author":1,"featured_media":0,"parent":219,"menu_order":0,"comment_status":"closed","ping_status":"closed","template":"zakladne-info.php","meta":{"_acf_changed":false,"inline_featured_image":false,"footnotes":""},"class_list":["post-42","page","type-page","status-publish","hentry"],"acf":[],"lang":"sk","translations":{"sk":42,"en":263},"pll_sync_post":[],"_links":{"self":[{"href":"https:\/\/swiss-contribution.sk\/index.php?rest_route=\/wp\/v2\/pages\/42","targetHints":{"allow":["GET"]}}],"collection":[{"href":"https:\/\/swiss-contribution.sk\/index.php?rest_route=\/wp\/v2\/pages"}],"about":[{"href":"https:\/\/swiss-contribution.sk\/index.php?rest_route=\/wp\/v2\/types\/page"}],"author":[{"embeddable":true,"href":"https:\/\/swiss-contribution.sk\/index.php?rest_route=\/wp\/v2\/users\/1"}],"replies":[{"embeddable":true,"href":"https:\/\/swiss-contribution.sk\/index.php?rest_route=%2Fwp%2Fv2%2Fcomments&post=42"}],"version-history":[{"count":16,"href":"https:\/\/swiss-contribution.sk\/index.php?rest_route=\/wp\/v2\/pages\/42\/revisions"}],"predecessor-version":[{"id":346,"href":"https:\/\/swiss-contribution.sk\/index.php?rest_route=\/wp\/v2\/pages\/42\/revisions\/346"}],"up":[{"embeddable":true,"href":"https:\/\/swiss-contribution.sk\/index.php?rest_route=\/wp\/v2\/pages\/219"}],"wp:attachment":[{"href":"https:\/\/swiss-contribution.sk\/index.php?rest_route=%2Fwp%2Fv2%2Fmedia&parent=42"}],"curies":[{"name":"wp","href":"https:\/\/api.w.org\/{rel}","templated":true}]}}