
{"id":409,"date":"2024-10-07T13:07:07","date_gmt":"2024-10-07T13:07:07","guid":{"rendered":"https:\/\/swiss-contribution.sk\/?page_id=409"},"modified":"2026-03-10T16:35:52","modified_gmt":"2026-03-10T16:35:52","slug":"osobne-udaje","status":"publish","type":"page","link":"https:\/\/swiss-contribution.sk\/?page_id=409","title":{"rendered":"Inform\u00e1cie o ochrane osobn\u00fdch \u00fadajov"},"content":{"rendered":"","protected":false},"excerpt":{"rendered":"","protected":false},"author":1,"featured_media":0,"parent":0,"menu_order":0,"comment_status":"closed","ping_status":"closed","template":"osobneudaje.php","meta":{"_acf_changed":false,"inline_featured_image":false,"footnotes":""},"class_list":["post-409","page","type-page","status-publish","hentry"],"acf":[],"lang":"sk","translations":{"sk":409,"en":418},"pll_sync_post":[],"_links":{"self":[{"href":"https:\/\/swiss-contribution.sk\/index.php?rest_route=\/wp\/v2\/pages\/409","targetHints":{"allow":["GET"]}}],"collection":[{"href":"https:\/\/swiss-contribution.sk\/index.php?rest_route=\/wp\/v2\/pages"}],"about":[{"href":"https:\/\/swiss-contribution.sk\/index.php?rest_route=\/wp\/v2\/types\/page"}],"author":[{"embeddable":true,"href":"https:\/\/swiss-contribution.sk\/index.php?rest_route=\/wp\/v2\/users\/1"}],"replies":[{"embeddable":true,"href":"https:\/\/swiss-contribution.sk\/index.php?rest_route=%2Fwp%2Fv2%2Fcomments&post=409"}],"version-history":[{"count":15,"href":"https:\/\/swiss-contribution.sk\/index.php?rest_route=\/wp\/v2\/pages\/409\/revisions"}],"predecessor-version":[{"id":1578,"href":"https:\/\/swiss-contribution.sk\/index.php?rest_route=\/wp\/v2\/pages\/409\/revisions\/1578"}],"wp:attachment":[{"href":"https:\/\/swiss-contribution.sk\/index.php?rest_route=%2Fwp%2Fv2%2Fmedia&parent=409"}],"curies":[{"name":"wp","href":"https:\/\/api.w.org\/{rel}","templated":true}]}}